{"id":10570,"date":"2019-11-29T16:04:01","date_gmt":"2019-11-29T15:04:01","guid":{"rendered":"http:\/\/fondazionedinozoli.com\/installazioni\/massimo-sansavini-biografia\/"},"modified":"2019-11-29T17:33:52","modified_gmt":"2019-11-29T16:33:52","slug":"massimo-sansavini-biography","status":"publish","type":"page","link":"https:\/\/fondazionedinozoli.com\/en\/installazioni\/massimo-sansavini-biography\/","title":{"rendered":"Massimo Sansavini &#8211; Biography"},"content":{"rendered":"<div class=\"wpb-content-wrapper\"><p>[vc_row][vc_column][vc_column_text]<strong>MASSIMO SANSAVINI<\/strong> (Forl\u00ec, 1961). After studying sculpture at the Ravenna Academy of Fine Arts, he was asked to Brazil by the Director of the S\u00e3o Paulo Art Biennale. Sansavini spent a year there arranging the Sansavini exhibition, set up in the S\u00e3o Paulo Museu Brasileiro da Escultura.<\/p>\n<p>The exhibition was then accepted by the Rio de Janeiro National Fine Arts Museum on the desire of architect Oscar Niemeyer and afterwards received in various cities in Latin America. Subsequently he worked for RAI, the Italian Radio and Television Corporation, as scene designer and realised fashion and design projects for Maison Enrico Coveri.<\/p>\n<p>In 2005 he created Neverland, an exhibition hosted by the major German exhibition venues with the sponsorship of the Italian Ministry of Foreign Affairs. In 2007 he exhibited in the United States at Art Miami and FLL Fashion Week at Fort Lauderdale.<\/p>\n<p>In 2009 he took part in the exhibition presented by Philippe Daverio, A+B+C\/Futurismo in Alessandria, where he was asked to execute a monumental public work. In 2010 his Road to Futurism exhibition was received at the Beijing National Art Museum of China and the Guangdong Museum of Art.<\/p>\n<p>In 2011 he was invited to show at the 54th Venice Biennale. Since 2013 he has exhibited at the Macro, the Auditorium Conciliazione and the Santa Rita complex in Rome and the Santa Giulia Museum in Brescia. In 2016, after three years of research, he presents Touroperator, an exhibition of works executed from wood gathered, by exclusive permission, from the Lampedusa boat graveyard.[\/vc_column_text][vc_single_image image=&#8221;10553&#8243; img_size=&#8221;full&#8221; alignment=&#8221;center&#8221;][vc_empty_space height=&#8221;30px&#8221;][\/vc_column][\/vc_row][vc_row][vc_column][vc_row_inner equal_height=&#8221;yes&#8221;][vc_column_inner width=&#8221;1\/2&#8243;][vc_single_image image=&#8221;10554&#8243; img_size=&#8221;full&#8221; onclick=&#8221;link_image&#8221;][\/vc_column_inner][vc_column_inner width=&#8221;1\/2&#8243;][vc_single_image image=&#8221;10555&#8243; img_size=&#8221;full&#8221; onclick=&#8221;link_image&#8221;][\/vc_column_inner][\/vc_row_inner][\/vc_column][\/vc_row]<\/p>\n<\/div>","protected":false},"excerpt":{"rendered":"<p>[vc_row][vc_column][vc_column_text]MASSIMO SANSAVINI (Forl\u00ec, 1961). After studying sculpture at the Ravenna Academy of Fine Arts, he was asked to Brazil by the Director of the S\u00e3o Paulo Art Biennale. Sansavini spent a year there arranging the Sansavini exhibition, set up in the S\u00e3o Paulo Museu Brasileiro da Escultura. The exhibition was then accepted by the Rio [&hellip;]<\/p>\n","protected":false},"author":5,"featured_media":0,"parent":1951,"menu_order":0,"comment_status":"closed","ping_status":"closed","template":"page-templates\/page-full-width.php","meta":{"_acf_changed":false,"footnotes":""},"class_list":["post-10570","page","type-page","status-publish","hentry"],"acf":[],"yoast_head":"<!-- This site is optimized with the Yoast SEO plugin v27.0 - https:\/\/yoast.com\/product\/yoast-seo-wordpress\/ -->\n<title>Massimo Sansavini - Biography - Fondazione Dino Zoli<\/title>\n<meta name=\"robots\" content=\"index, follow, max-snippet:-1, max-image-preview:large, max-video-preview:-1\" \/>\n<link rel=\"canonical\" href=\"https:\/\/fondazionedinozoli.com\/en\/installazioni\/massimo-sansavini-biography\/\" \/>\n<meta property=\"og:locale\" content=\"en_US\" \/>\n<meta property=\"og:type\" content=\"article\" \/>\n<meta property=\"og:title\" content=\"Massimo Sansavini - Biography - Fondazione Dino Zoli\" \/>\n<meta property=\"og:description\" content=\"[vc_row][vc_column][vc_column_text]MASSIMO SANSAVINI (Forl\u00ec, 1961). After studying sculpture at the Ravenna Academy of Fine Arts, he was asked to Brazil by the Director of the S\u00e3o Paulo Art Biennale. Sansavini spent a year there arranging the Sansavini exhibition, set up in the S\u00e3o Paulo Museu Brasileiro da Escultura. The exhibition was then accepted by the Rio [&hellip;]\" \/>\n<meta property=\"og:url\" content=\"https:\/\/fondazionedinozoli.com\/en\/installazioni\/massimo-sansavini-biography\/\" \/>\n<meta property=\"og:site_name\" content=\"Fondazione Dino Zoli\" \/>\n<meta property=\"article:publisher\" content=\"https:\/\/www.facebook.com\/fondazionedinozoli\" \/>\n<meta property=\"article:modified_time\" content=\"2019-11-29T16:33:52+00:00\" \/>\n<meta name=\"twitter:card\" content=\"summary_large_image\" \/>\n<meta name=\"twitter:site\" content=\"@fondazionedz\" \/>\n<meta name=\"twitter:label1\" content=\"Est. reading time\" \/>\n\t<meta name=\"twitter:data1\" content=\"2 minutes\" \/>\n<script type=\"application\/ld+json\" class=\"yoast-schema-graph\">{\"@context\":\"https:\/\/schema.org\",\"@graph\":[{\"@type\":\"WebPage\",\"@id\":\"https:\/\/fondazionedinozoli.com\/en\/installazioni\/massimo-sansavini-biography\/\",\"url\":\"https:\/\/fondazionedinozoli.com\/en\/installazioni\/massimo-sansavini-biography\/\",\"name\":\"Massimo Sansavini - Biography - Fondazione Dino Zoli\",\"isPartOf\":{\"@id\":\"https:\/\/fondazionedinozoli.com\/#website\"},\"datePublished\":\"2019-11-29T15:04:01+00:00\",\"dateModified\":\"2019-11-29T16:33:52+00:00\",\"breadcrumb\":{\"@id\":\"https:\/\/fondazionedinozoli.com\/en\/installazioni\/massimo-sansavini-biography\/#breadcrumb\"},\"inLanguage\":\"en-US\",\"potentialAction\":[{\"@type\":\"ReadAction\",\"target\":[\"https:\/\/fondazionedinozoli.com\/en\/installazioni\/massimo-sansavini-biography\/\"]}]},{\"@type\":\"BreadcrumbList\",\"@id\":\"https:\/\/fondazionedinozoli.com\/en\/installazioni\/massimo-sansavini-biography\/#breadcrumb\",\"itemListElement\":[{\"@type\":\"ListItem\",\"position\":1,\"name\":\"Home\",\"item\":\"https:\/\/fondazionedinozoli.com\/en\/\"},{\"@type\":\"ListItem\",\"position\":2,\"name\":\"Installations\",\"item\":\"https:\/\/fondazionedinozoli.com\/en\/installazioni\/\"},{\"@type\":\"ListItem\",\"position\":3,\"name\":\"Massimo Sansavini &#8211; Biography\"}]},{\"@type\":\"WebSite\",\"@id\":\"https:\/\/fondazionedinozoli.com\/#website\",\"url\":\"https:\/\/fondazionedinozoli.com\/\",\"name\":\"Fondazione Dino Zoli\",\"description\":\"Progetto di promozione della cultura italiana in patria e nel mondo\",\"potentialAction\":[{\"@type\":\"SearchAction\",\"target\":{\"@type\":\"EntryPoint\",\"urlTemplate\":\"https:\/\/fondazionedinozoli.com\/?s={search_term_string}\"},\"query-input\":{\"@type\":\"PropertyValueSpecification\",\"valueRequired\":true,\"valueName\":\"search_term_string\"}}],\"inLanguage\":\"en-US\"}]}<\/script>\n<!-- \/ Yoast SEO plugin. -->","yoast_head_json":{"title":"Massimo Sansavini - Biography - Fondazione Dino Zoli","robots":{"index":"index","follow":"follow","max-snippet":"max-snippet:-1","max-image-preview":"max-image-preview:large","max-video-preview":"max-video-preview:-1"},"canonical":"https:\/\/fondazionedinozoli.com\/en\/installazioni\/massimo-sansavini-biography\/","og_locale":"en_US","og_type":"article","og_title":"Massimo Sansavini - Biography - Fondazione Dino Zoli","og_description":"[vc_row][vc_column][vc_column_text]MASSIMO SANSAVINI (Forl\u00ec, 1961). After studying sculpture at the Ravenna Academy of Fine Arts, he was asked to Brazil by the Director of the S\u00e3o Paulo Art Biennale. Sansavini spent a year there arranging the Sansavini exhibition, set up in the S\u00e3o Paulo Museu Brasileiro da Escultura. The exhibition was then accepted by the Rio [&hellip;]","og_url":"https:\/\/fondazionedinozoli.com\/en\/installazioni\/massimo-sansavini-biography\/","og_site_name":"Fondazione Dino Zoli","article_publisher":"https:\/\/www.facebook.com\/fondazionedinozoli","article_modified_time":"2019-11-29T16:33:52+00:00","twitter_card":"summary_large_image","twitter_site":"@fondazionedz","twitter_misc":{"Est. reading time":"2 minutes"},"schema":{"@context":"https:\/\/schema.org","@graph":[{"@type":"WebPage","@id":"https:\/\/fondazionedinozoli.com\/en\/installazioni\/massimo-sansavini-biography\/","url":"https:\/\/fondazionedinozoli.com\/en\/installazioni\/massimo-sansavini-biography\/","name":"Massimo Sansavini - Biography - Fondazione Dino Zoli","isPartOf":{"@id":"https:\/\/fondazionedinozoli.com\/#website"},"datePublished":"2019-11-29T15:04:01+00:00","dateModified":"2019-11-29T16:33:52+00:00","breadcrumb":{"@id":"https:\/\/fondazionedinozoli.com\/en\/installazioni\/massimo-sansavini-biography\/#breadcrumb"},"inLanguage":"en-US","potentialAction":[{"@type":"ReadAction","target":["https:\/\/fondazionedinozoli.com\/en\/installazioni\/massimo-sansavini-biography\/"]}]},{"@type":"BreadcrumbList","@id":"https:\/\/fondazionedinozoli.com\/en\/installazioni\/massimo-sansavini-biography\/#breadcrumb","itemListElement":[{"@type":"ListItem","position":1,"name":"Home","item":"https:\/\/fondazionedinozoli.com\/en\/"},{"@type":"ListItem","position":2,"name":"Installations","item":"https:\/\/fondazionedinozoli.com\/en\/installazioni\/"},{"@type":"ListItem","position":3,"name":"Massimo Sansavini &#8211; Biography"}]},{"@type":"WebSite","@id":"https:\/\/fondazionedinozoli.com\/#website","url":"https:\/\/fondazionedinozoli.com\/","name":"Fondazione Dino Zoli","description":"Progetto di promozione della cultura italiana in patria e nel mondo","potentialAction":[{"@type":"SearchAction","target":{"@type":"EntryPoint","urlTemplate":"https:\/\/fondazionedinozoli.com\/?s={search_term_string}"},"query-input":{"@type":"PropertyValueSpecification","valueRequired":true,"valueName":"search_term_string"}}],"inLanguage":"en-US"}]}},"_links":{"self":[{"href":"https:\/\/fondazionedinozoli.com\/en\/wp-json\/wp\/v2\/pages\/10570","targetHints":{"allow":["GET"]}}],"collection":[{"href":"https:\/\/fondazionedinozoli.com\/en\/wp-json\/wp\/v2\/pages"}],"about":[{"href":"https:\/\/fondazionedinozoli.com\/en\/wp-json\/wp\/v2\/types\/page"}],"author":[{"embeddable":true,"href":"https:\/\/fondazionedinozoli.com\/en\/wp-json\/wp\/v2\/users\/5"}],"replies":[{"embeddable":true,"href":"https:\/\/fondazionedinozoli.com\/en\/wp-json\/wp\/v2\/comments?post=10570"}],"version-history":[{"count":2,"href":"https:\/\/fondazionedinozoli.com\/en\/wp-json\/wp\/v2\/pages\/10570\/revisions"}],"predecessor-version":[{"id":10572,"href":"https:\/\/fondazionedinozoli.com\/en\/wp-json\/wp\/v2\/pages\/10570\/revisions\/10572"}],"up":[{"embeddable":true,"href":"https:\/\/fondazionedinozoli.com\/en\/wp-json\/wp\/v2\/pages\/1951"}],"wp:attachment":[{"href":"https:\/\/fondazionedinozoli.com\/en\/wp-json\/wp\/v2\/media?parent=10570"}],"curies":[{"name":"wp","href":"https:\/\/api.w.org\/{rel}","templated":true}]}}